{"id":1584,"date":"2018-08-29T13:36:40","date_gmt":"2018-08-29T11:36:40","guid":{"rendered":"https:\/\/www.synagoge-muehlhausen.de\/?page_id=1584"},"modified":"2024-09-19T13:49:19","modified_gmt":"2024-09-19T11:49:19","slug":"links","status":"publish","type":"page","link":"https:\/\/synagoge-muehlhausen.de\/en\/links\/","title":{"rendered":"Links"},"content":{"rendered":"<p><strong>Links\u00a0<\/strong><\/p>\n<ul>\n<li style=\"list-style-type: none;\">\n<ul>\n<li>Alemannia Judaica: <a href=\"https:\/\/www.alemannia-judaica.de\/muehlhausen_erh_synagoge.htm\" target=\"_blank\" rel=\"noopener nofollow\">J\u00fcdischen Gemeinde und Synagoge M\u00fchlhausen (Mfr.)<\/a><\/li>\n<li>Bayerischer Denkmal-Atlas: <a href=\"https:\/\/geoportal.bayern.de\/denkmalatlas\/searchResult.html?koid=86023&amp;objtyp=bau&amp;top=1\" target=\"_blank\" rel=\"noopener nofollow\">Synagoge M\u00fchlhausen (Mfr.)<\/a><\/li>\n<li>Haus der Bayerischen Geschichte: <a href=\"https:\/\/hdbg.eu\/juedisches_leben\/synagoge\/muehlhausen-mfr\/621\" target=\"_blank\" rel=\"noopener nofollow\">Synagoge M\u00fchlhausen (Mfr.)<\/a><\/li>\n<li>www.j\u00fcdische-gemeinden.de (Klaus-Dieter Alicke): <a href=\"https:\/\/www.xn--jdische-gemeinden-22b.de\/index.php\/gemeinden\/m-o\/1346-muehlhausen-mittelfranken-bayern\" target=\"_blank\" rel=\"noopener nofollow\">J\u00fcdische Gemeinde M\u00fchlhausen (Mfr.)<\/a><\/li>\n<li>Haus des Stiftens | foerderprogramme.org: <a href=\"https:\/\/www.foerderprogramme.org\/project\/sanierung-der-ehemaligen-synagoge-muehlhausen-mittelfranken\/\" target=\"_blank\" rel=\"noopener nofollow\">Sanierung der ehemaligen Synagoge M\u00fchlhausen (Mittelfranken)<\/a><\/li>\n<\/ul>\n<\/li>\n<\/ul>\n","protected":false},"excerpt":{"rendered":"<p>Links\u00a0 Alemannia Judaica: J\u00fcdischen Gemeinde und Synagoge M\u00fchlhausen (Mfr.) Bayerischer Denkmal-Atlas: Synagoge M\u00fchlhausen (Mfr.) Haus der Bayerischen Geschichte: Synagoge M\u00fchlhausen (Mfr.) www.j\u00fcdische-gemeinden.de (Klaus-Dieter Alicke): J\u00fcdische Gemeinde M\u00fchlhausen (Mfr.) Haus des Stiftens | foerderprogramme.org: Sanierung der ehemaligen Synagoge M\u00fchlhausen (Mittelfranken)<\/p>\n","protected":false},"author":3,"featured_media":0,"parent":0,"menu_order":0,"comment_status":"closed","ping_status":"closed","template":"","meta":{"footnotes":""},"class_list":["post-1584","page","type-page","status-publish","hentry"],"translation":{"provider":"WPGlobus","version":"3.0.2","language":"en","enabled_languages":["de","en"],"languages":{"de":{"title":true,"content":true,"excerpt":false},"en":{"title":true,"content":true,"excerpt":false}}},"_links":{"self":[{"href":"https:\/\/synagoge-muehlhausen.de\/en\/wp-json\/wp\/v2\/pages\/1584","targetHints":{"allow":["GET"]}}],"collection":[{"href":"https:\/\/synagoge-muehlhausen.de\/en\/wp-json\/wp\/v2\/pages"}],"about":[{"href":"https:\/\/synagoge-muehlhausen.de\/en\/wp-json\/wp\/v2\/types\/page"}],"author":[{"embeddable":true,"href":"https:\/\/synagoge-muehlhausen.de\/en\/wp-json\/wp\/v2\/users\/3"}],"replies":[{"embeddable":true,"href":"https:\/\/synagoge-muehlhausen.de\/en\/wp-json\/wp\/v2\/comments?post=1584"}],"version-history":[{"count":9,"href":"https:\/\/synagoge-muehlhausen.de\/en\/wp-json\/wp\/v2\/pages\/1584\/revisions"}],"predecessor-version":[{"id":3701,"href":"https:\/\/synagoge-muehlhausen.de\/en\/wp-json\/wp\/v2\/pages\/1584\/revisions\/3701"}],"wp:attachment":[{"href":"https:\/\/synagoge-muehlhausen.de\/en\/wp-json\/wp\/v2\/media?parent=1584"}],"curies":[{"name":"wp","href":"https:\/\/api.w.org\/{rel}","templated":true}]}}