{"id":1580,"date":"2018-08-29T13:35:19","date_gmt":"2018-08-29T11:35:19","guid":{"rendered":"https:\/\/www.synagoge-muehlhausen.de\/?page_id=1580"},"modified":"2024-08-13T18:04:46","modified_gmt":"2024-08-13T16:04:46","slug":"publikationen","status":"publish","type":"page","link":"https:\/\/synagoge-muehlhausen.de\/en\/publikationen\/","title":{"rendered":"Publications"},"content":{"rendered":"<p>Publications<\/p>\n<ul>\n<li style=\"list-style-type: none;\">\n<ul>\n<li><strong>Fleischmann<\/strong>, Johann, Mesusa. Spuren j\u00fcdischer Vergangenheit an Aisch, Aurach, Ebrach und Seebach, B\u00e4nde 1-10 (Muehlhausen 1998-2016).<\/li>\n<li><strong>Giese<\/strong>, J\u00fcrgen, Die Baugeschichte der Synagoge in M\u00fchlhausen (Lkr. H\u00f6chstadt-Aisch), in: Elke Richter &#8211; Tobias Busen (eds.), Sakralbauten als &#8220;sprechende&#8221; Zeugen j\u00fcdischer Geschichte, Tagung vom 25. bis 29 Mai 2022 in Stra\u00dfburg, Berichte der Koldewey-Gesellschaft 52 (Dresden 2024) p. 65-73 .<\/li>\n<li><strong>Haas<\/strong>, Hans-Christof, M\u00fchlhausen, in: Wolfgang Kraus &#8211; Berndt Hamm &#8211; Meier Schwarz (eds.), Mehr als Steine &#8230; Synagogen-Gedenkband Bayern, Band 2: Mittelfranken (Lindenberg 2010) p. 434-447.<\/li>\n<li><strong>Schwierz<\/strong>, Israel,\u00a0 Steinerne Zeugnisse j\u00fcdischen Lebens in Bayern. Eine Dokumentation, 2nd edition (Munich 1992) p. 166-167.<\/li>\n<\/ul>\n<\/li>\n<\/ul>\n","protected":false},"excerpt":{"rendered":"<p>Publications Fleischmann, Johann, Mesusa. Spuren j\u00fcdischer Vergangenheit an Aisch, Aurach, Ebrach und Seebach, B\u00e4nde 1-10 (Muehlhausen 1998-2016). Giese, J\u00fcrgen, Die Baugeschichte der Synagoge in M\u00fchlhausen (Lkr. H\u00f6chstadt-Aisch), in: Elke Richter &#8211; Tobias Busen (eds.), Sakralbauten als &#8220;sprechende&#8221; Zeugen j\u00fcdischer Geschichte, Tagung vom 25. bis 29 Mai 2022 in Stra\u00dfburg, Berichte der Koldewey-Gesellschaft 52 (Dresden 2024) &hellip; <\/p>\n<p class=\"link-more\"><a href=\"https:\/\/synagoge-muehlhausen.de\/en\/publikationen\/\" class=\"more-link\">Continue reading<span class=\"screen-reader-text\"> &#8220;Publications&#8221;<\/span><\/a><\/p>\n","protected":false},"author":3,"featured_media":0,"parent":0,"menu_order":0,"comment_status":"closed","ping_status":"closed","template":"","meta":{"footnotes":""},"class_list":["post-1580","page","type-page","status-publish","hentry"],"translation":{"provider":"WPGlobus","version":"3.0.2","language":"en","enabled_languages":["de","en"],"languages":{"de":{"title":true,"content":true,"excerpt":false},"en":{"title":true,"content":true,"excerpt":false}}},"_links":{"self":[{"href":"https:\/\/synagoge-muehlhausen.de\/en\/wp-json\/wp\/v2\/pages\/1580","targetHints":{"allow":["GET"]}}],"collection":[{"href":"https:\/\/synagoge-muehlhausen.de\/en\/wp-json\/wp\/v2\/pages"}],"about":[{"href":"https:\/\/synagoge-muehlhausen.de\/en\/wp-json\/wp\/v2\/types\/page"}],"author":[{"embeddable":true,"href":"https:\/\/synagoge-muehlhausen.de\/en\/wp-json\/wp\/v2\/users\/3"}],"replies":[{"embeddable":true,"href":"https:\/\/synagoge-muehlhausen.de\/en\/wp-json\/wp\/v2\/comments?post=1580"}],"version-history":[{"count":2,"href":"https:\/\/synagoge-muehlhausen.de\/en\/wp-json\/wp\/v2\/pages\/1580\/revisions"}],"predecessor-version":[{"id":3622,"href":"https:\/\/synagoge-muehlhausen.de\/en\/wp-json\/wp\/v2\/pages\/1580\/revisions\/3622"}],"wp:attachment":[{"href":"https:\/\/synagoge-muehlhausen.de\/en\/wp-json\/wp\/v2\/media?parent=1580"}],"curies":[{"name":"wp","href":"https:\/\/api.w.org\/{rel}","templated":true}]}}